{"id":8283,"date":"2020-11-04T17:35:07","date_gmt":"2020-11-04T17:35:07","guid":{"rendered":"https:\/\/sindicomdf.com.br\/portal\/?page_id=8283"},"modified":"2021-06-28T13:36:38","modified_gmt":"2021-06-28T13:36:38","slug":"agendamento-clube","status":"publish","type":"page","link":"https:\/\/sindicomdf.com.br\/portal\/agendamento-clube\/","title":{"rendered":"Acesso ao clube"},"content":{"rendered":"<p>Informamos que o agendamento para acesso ao clube n\u00e3o ser\u00e1 mais necess\u00e1rio.<\/p>\n<h4 dir=\"ltr\" style=\"text-align: center;\">INFORMATIVO<\/h4>\n<p dir=\"ltr\" style=\"text-align: center;\">AOS ASSOCIADOS DO SINDICATO DOS EMPREGADOS NO COM\u00c9RCIO DO DF<\/p>\n<p dir=\"ltr\">Em conformidade com o Decreto n\u00b0 41.214, de 21 de setembro de 2020 do GDF, a Diretoria Colegiada do Sindicato dos Empregados no Com\u00e9rcio do DF \u2013 SINDICOM\/DF, decidiu pela reabertura do CLUBE DOS COMERCI\u00c1RIOS no dia 14 de novembro de 2020 com as seguintes medidas de seguran\u00e7a para combate e preven\u00e7\u00e3o da dissemina\u00e7\u00e3o do COVID \u2013 19:<\/p>\n<p dir=\"ltr\" style=\"text-align: center;\"><strong>ACESSO AO CLUBE<\/strong><\/p>\n<p dir=\"ltr\">01 \u2013 O acesso ao Clube somente ser\u00e1 realizado pela portaria principal<\/p>\n<p dir=\"ltr\">02 \u2013 \u00c9 obrigat\u00f3rio a utiliza\u00e7\u00e3o de m\u00e1scara e higieniza\u00e7\u00e3o das m\u00e3os com \u00e1lcool e gel 70%;<\/p>\n<p dir=\"ltr\">03 \u2013 Aferi\u00e7\u00e3o de temperatura corporal, nos casos em que a temperatura seja igual ou superior \u00e0 37,8 \u00b0C, ser\u00e1 vedado a entrada nas depend\u00eancias do clube e o usu\u00e1rio ser\u00e1 orientado a procurar um m\u00e9dico;<\/p>\n<p dir=\"ltr\" style=\"text-align: center;\"><strong>CHURRASQUEIRAS<\/strong><\/p>\n<p dir=\"ltr\">04 \u2013 A utiliza\u00e7\u00e3o das churrasqueiras dispon\u00edveis somente poder\u00e1 ser feita mediante reserva e estar\u00e1 limitada a apenas aquelas que n\u00e3o est\u00e3o com restri\u00e7\u00f5es de uso as quais estar\u00e3o devidamente identificadas e isoladas e com 02 metros de dist\u00e2ncia entre uma e outra;<\/p>\n<p dir=\"ltr\" style=\"text-align: center;\"><strong>PISCINAS<\/strong><\/p>\n<p dir=\"ltr\">05 \u2013 Nas piscinas ser\u00e1 limitada a quantidade de 20 pessoas na piscina semiol\u00edmpica e de 10 crian\u00e7as na piscina infantil, com vestimentas apropriadas, homens (shorts de banho), mulheres (biquinis e ou mai\u00f4s) . A cada 30 minutos ser\u00e1 emitido um sinal sonoro (apito), avisando que ser\u00e1 realizado um rodizio, a fim de garantir que todos associados possam usufruir das piscinas;<\/p>\n<p dir=\"ltr\" style=\"text-align: center;\"><strong>BANHEIROS<\/strong><\/p>\n<p dir=\"ltr\">06 \u2013 Limpeza e desinfec\u00e7\u00e3o dos banheiros com interrup\u00e7\u00e3o das atividades de pelo menos 2 vezes ao dia, por pelo menos 30 minutos, para lavagem geral.<\/p>\n","protected":false},"excerpt":{"rendered":"<p>Informamos que o agendamento para acesso ao clube n\u00e3o ser\u00e1 mais necess\u00e1rio. INFORMATIVO AOS ASSOCIADOS DO SINDICATO DOS EMPREGADOS NO COM\u00c9RCIO DO DF Em conformidade com o Decreto n\u00b0 41.214, de 21 de setembro de 2020 do GDF, a Diretoria Colegiada do Sindicato dos Empregados no Com\u00e9rcio do DF \u2013 SINDICOM\/DF, decidiu pela reabertura do [&hellip;]<\/p>\n","protected":false},"author":1,"featured_media":0,"parent":0,"menu_order":0,"comment_status":"closed","ping_status":"closed","template":"","meta":{"_bbp_topic_count":0,"_bbp_reply_count":0,"_bbp_total_topic_count":0,"_bbp_total_reply_count":0,"_bbp_voice_count":0,"_bbp_anonymous_reply_count":0,"_bbp_topic_count_hidden":0,"_bbp_reply_count_hidden":0,"_bbp_forum_subforum_count":0,"footnotes":""},"class_list":["post-8283","page","type-page","status-publish"],"yoast_head":"<!-- This site is optimized with the Yoast SEO plugin v23.7 - https:\/\/yoast.com\/wordpress\/plugins\/seo\/ -->\n<title>Acesso ao clube - SINDICOM<\/title>\n<meta name=\"robots\" content=\"index, follow, max-snippet:-1, max-image-preview:large, max-video-preview:-1\" \/>\n<link rel=\"canonical\" href=\"https:\/\/sindicomdf.com.br\/portal\/agendamento-clube\/\" \/>\n<meta property=\"og:locale\" content=\"pt_BR\" \/>\n<meta property=\"og:type\" content=\"article\" \/>\n<meta property=\"og:title\" content=\"Acesso ao clube - SINDICOM\" \/>\n<meta property=\"og:description\" content=\"Informamos que o agendamento para acesso ao clube n\u00e3o ser\u00e1 mais necess\u00e1rio. INFORMATIVO AOS ASSOCIADOS DO SINDICATO DOS EMPREGADOS NO COM\u00c9RCIO DO DF Em conformidade com o Decreto n\u00b0 41.214, de 21 de setembro de 2020 do GDF, a Diretoria Colegiada do Sindicato dos Empregados no Com\u00e9rcio do DF \u2013 SINDICOM\/DF, decidiu pela reabertura do [&hellip;]\" \/>\n<meta property=\"og:url\" content=\"https:\/\/sindicomdf.com.br\/portal\/agendamento-clube\/\" \/>\n<meta property=\"og:site_name\" content=\"SINDICOM\" \/>\n<meta property=\"article:modified_time\" content=\"2021-06-28T13:36:38+00:00\" \/>\n<meta name=\"twitter:card\" content=\"summary_large_image\" \/>\n<meta name=\"twitter:label1\" content=\"Est. tempo de leitura\" \/>\n\t<meta name=\"twitter:data1\" content=\"1 minuto\" \/>\n<script type=\"application\/ld+json\" class=\"yoast-schema-graph\">{\"@context\":\"https:\/\/schema.org\",\"@graph\":[{\"@type\":\"WebPage\",\"@id\":\"https:\/\/sindicomdf.com.br\/portal\/agendamento-clube\/\",\"url\":\"https:\/\/sindicomdf.com.br\/portal\/agendamento-clube\/\",\"name\":\"Acesso ao clube - SINDICOM\",\"isPartOf\":{\"@id\":\"https:\/\/sindicomdf.com.br\/portal\/#website\"},\"datePublished\":\"2020-11-04T17:35:07+00:00\",\"dateModified\":\"2021-06-28T13:36:38+00:00\",\"breadcrumb\":{\"@id\":\"https:\/\/sindicomdf.com.br\/portal\/agendamento-clube\/#breadcrumb\"},\"inLanguage\":\"pt-BR\",\"potentialAction\":[{\"@type\":\"ReadAction\",\"target\":[\"https:\/\/sindicomdf.com.br\/portal\/agendamento-clube\/\"]}]},{\"@type\":\"BreadcrumbList\",\"@id\":\"https:\/\/sindicomdf.com.br\/portal\/agendamento-clube\/#breadcrumb\",\"itemListElement\":[{\"@type\":\"ListItem\",\"position\":1,\"name\":\"In\u00edcio\",\"item\":\"https:\/\/sindicomdf.com.br\/portal\/\"},{\"@type\":\"ListItem\",\"position\":2,\"name\":\"Acesso ao clube\"}]},{\"@type\":\"WebSite\",\"@id\":\"https:\/\/sindicomdf.com.br\/portal\/#website\",\"url\":\"https:\/\/sindicomdf.com.br\/portal\/\",\"name\":\"SINDICOM\",\"description\":\"Sindicato dos Empregados no Com\u00e9rcio do DF\",\"potentialAction\":[{\"@type\":\"SearchAction\",\"target\":{\"@type\":\"EntryPoint\",\"urlTemplate\":\"https:\/\/sindicomdf.com.br\/portal\/?s={search_term_string}\"},\"query-input\":{\"@type\":\"PropertyValueSpecification\",\"valueRequired\":true,\"valueName\":\"search_term_string\"}}],\"inLanguage\":\"pt-BR\"}]}<\/script>\n<!-- \/ Yoast SEO plugin. -->","yoast_head_json":{"title":"Acesso ao clube - SINDICOM","robots":{"index":"index","follow":"follow","max-snippet":"max-snippet:-1","max-image-preview":"max-image-preview:large","max-video-preview":"max-video-preview:-1"},"canonical":"https:\/\/sindicomdf.com.br\/portal\/agendamento-clube\/","og_locale":"pt_BR","og_type":"article","og_title":"Acesso ao clube - SINDICOM","og_description":"Informamos que o agendamento para acesso ao clube n\u00e3o ser\u00e1 mais necess\u00e1rio. INFORMATIVO AOS ASSOCIADOS DO SINDICATO DOS EMPREGADOS NO COM\u00c9RCIO DO DF Em conformidade com o Decreto n\u00b0 41.214, de 21 de setembro de 2020 do GDF, a Diretoria Colegiada do Sindicato dos Empregados no Com\u00e9rcio do DF \u2013 SINDICOM\/DF, decidiu pela reabertura do [&hellip;]","og_url":"https:\/\/sindicomdf.com.br\/portal\/agendamento-clube\/","og_site_name":"SINDICOM","article_modified_time":"2021-06-28T13:36:38+00:00","twitter_card":"summary_large_image","twitter_misc":{"Est. tempo de leitura":"1 minuto"},"schema":{"@context":"https:\/\/schema.org","@graph":[{"@type":"WebPage","@id":"https:\/\/sindicomdf.com.br\/portal\/agendamento-clube\/","url":"https:\/\/sindicomdf.com.br\/portal\/agendamento-clube\/","name":"Acesso ao clube - SINDICOM","isPartOf":{"@id":"https:\/\/sindicomdf.com.br\/portal\/#website"},"datePublished":"2020-11-04T17:35:07+00:00","dateModified":"2021-06-28T13:36:38+00:00","breadcrumb":{"@id":"https:\/\/sindicomdf.com.br\/portal\/agendamento-clube\/#breadcrumb"},"inLanguage":"pt-BR","potentialAction":[{"@type":"ReadAction","target":["https:\/\/sindicomdf.com.br\/portal\/agendamento-clube\/"]}]},{"@type":"BreadcrumbList","@id":"https:\/\/sindicomdf.com.br\/portal\/agendamento-clube\/#breadcrumb","itemListElement":[{"@type":"ListItem","position":1,"name":"In\u00edcio","item":"https:\/\/sindicomdf.com.br\/portal\/"},{"@type":"ListItem","position":2,"name":"Acesso ao clube"}]},{"@type":"WebSite","@id":"https:\/\/sindicomdf.com.br\/portal\/#website","url":"https:\/\/sindicomdf.com.br\/portal\/","name":"SINDICOM","description":"Sindicato dos Empregados no Com\u00e9rcio do DF","potentialAction":[{"@type":"SearchAction","target":{"@type":"EntryPoint","urlTemplate":"https:\/\/sindicomdf.com.br\/portal\/?s={search_term_string}"},"query-input":{"@type":"PropertyValueSpecification","valueRequired":true,"valueName":"search_term_string"}}],"inLanguage":"pt-BR"}]}},"_links":{"self":[{"href":"https:\/\/sindicomdf.com.br\/portal\/wp-json\/wp\/v2\/pages\/8283","targetHints":{"allow":["GET"]}}],"collection":[{"href":"https:\/\/sindicomdf.com.br\/portal\/wp-json\/wp\/v2\/pages"}],"about":[{"href":"https:\/\/sindicomdf.com.br\/portal\/wp-json\/wp\/v2\/types\/page"}],"author":[{"embeddable":true,"href":"https:\/\/sindicomdf.com.br\/portal\/wp-json\/wp\/v2\/users\/1"}],"replies":[{"embeddable":true,"href":"https:\/\/sindicomdf.com.br\/portal\/wp-json\/wp\/v2\/comments?post=8283"}],"version-history":[{"count":9,"href":"https:\/\/sindicomdf.com.br\/portal\/wp-json\/wp\/v2\/pages\/8283\/revisions"}],"predecessor-version":[{"id":8505,"href":"https:\/\/sindicomdf.com.br\/portal\/wp-json\/wp\/v2\/pages\/8283\/revisions\/8505"}],"wp:attachment":[{"href":"https:\/\/sindicomdf.com.br\/portal\/wp-json\/wp\/v2\/media?parent=8283"}],"curies":[{"name":"wp","href":"https:\/\/api.w.org\/{rel}","templated":true}]}}