{"id":1337,"date":"2015-08-04T18:20:03","date_gmt":"2015-08-04T18:20:03","guid":{"rendered":"http:\/\/sindicomdf.com.br\/portal\/?page_id=1337"},"modified":"2022-05-04T19:52:18","modified_gmt":"2022-05-04T19:52:18","slug":"contato","status":"publish","type":"page","link":"https:\/\/sindicomdf.com.br\/portal\/contato\/","title":{"rendered":"Contato"},"content":{"rendered":"<p>Aqui voc\u00ea encontra todos os endere\u00e7o de atendimento do sindicato, se preferir utilize o formul\u00e1rio abaixo para falar conosco.<\/p>\n<p><strong id=\"sede\">SEDE<\/strong><br \/>\nSetor Comercial Sul &#8211; Quadra 06 &#8211; Bloco A-81 &#8211; Edif\u00edcio Jos\u00e9 Severo 7\u00ba andar &#8211; CEP 70326-900 &#8211; Brasilia &#8211; DF<br \/>\nFone (61)3224-3808<\/p>\n<p><strong>SEDE TAGUATINGA<br \/>\n<\/strong>QNE 31 lote 02 &#8211; Taguatinga Norte CEP: 72125-310.<br \/>\nHor\u00e1rio de funcionamento:\u00a0segunda a quinta de 8h30 \u00e0s 17h<br \/>\nFone: 3037-8812<\/p>\n<p><span id=\"subsede\"><\/span><span id=\"clube\"><strong>CLUBE<\/strong><\/span><br \/>\nFazenda Ponte alta Norte v- Gleba A &#8211; N\u00famero 25 &#8211; N\u00facleo Rural Casa Grande &#8211; CEP 72-400-000 &#8211; Recanto das Emas &#8211; DF<br \/>\nFone:(61) 3404-0851 Hor\u00e1rio de funcionamento: s\u00e1bado, domingo e feriados de 9h\u00a0 \u00e0s 16h.<span id=\"concilia\"><\/span><\/p>\n<p align=\"justify\"><span id=\"concilia\"><strong>CONCILIA\u00c7\u00c3O<\/strong><\/span><strong><br \/>\n<\/strong>(Sindivarejista) e de supermercados (Sindisuper). Funciona das 9h \u00e0s 17h, no edif\u00edcio Presidente, 6\u00ba andar, sala 605<br \/>\nFone: (61)3226-2604<\/p>\n<p>A outra Comiss\u00e3o re\u00fane o Sindicato dos Comerci\u00e1rios do DF e membros do Sincodiv (concession\u00e1rias de ve\u00edculos), Sindiauto (autope\u00e7as) e Sindig\u00eaneros (g\u00eaneros aliment\u00edcios) Sindi\u00f3tica (\u00f3ticas). Funciona no SIA trecho 1 \u2013 lote 230 \u2013 sala 218.<br \/>\nFone:(61) 3964-3585<\/p>\n<p><strong>Fale Conosco<\/strong><\/p>\n\n<div class=\"wpcf7 no-js\" id=\"wpcf7-f4877-o1\" lang=\"pt-BR\" dir=\"ltr\">\n<div class=\"screen-reader-response\"><p role=\"status\" aria-live=\"polite\" aria-atomic=\"true\"><\/p> <ul><\/ul><\/div>\n<form action=\"\/portal\/wp-json\/wp\/v2\/pages\/1337#wpcf7-f4877-o1\" method=\"post\" class=\"wpcf7-form init\" aria-label=\"Formul\u00e1rios de contato\" novalidate=\"novalidate\" data-status=\"init\">\n<div style=\"display: none;\">\n<input type=\"hidden\" name=\"_wpcf7\" value=\"4877\" \/>\n<input type=\"hidden\" name=\"_wpcf7_version\" value=\"5.9.8\" \/>\n<input type=\"hidden\" name=\"_wpcf7_locale\" value=\"pt_BR\" \/>\n<input type=\"hidden\" name=\"_wpcf7_unit_tag\" value=\"wpcf7-f4877-o1\" \/>\n<input type=\"hidden\" name=\"_wpcf7_container_post\" value=\"0\" \/>\n<input type=\"hidden\" name=\"_wpcf7_posted_data_hash\" value=\"\" \/>\n<\/div>\n<p>Seu nome (obrigat\u00f3rio)\n<\/p>\n<p><span class=\"wpcf7-form-control-wrap\" data-name=\"your-name\"><input size=\"40\" maxlength=\"400\" class=\"wpcf7-form-control wpcf7-text wpcf7-validates-as-required\" aria-required=\"true\" aria-invalid=\"false\" value=\"\" type=\"text\" name=\"your-name\" \/><\/span>\n<\/p>\n<p>Seu e-mail (obrigat\u00f3rio)\n<\/p>\n<p><span class=\"wpcf7-form-control-wrap\" data-name=\"your-email\"><input size=\"40\" maxlength=\"400\" class=\"wpcf7-form-control wpcf7-email wpcf7-validates-as-required wpcf7-text wpcf7-validates-as-email\" aria-required=\"true\" aria-invalid=\"false\" value=\"\" type=\"email\" name=\"your-email\" \/><\/span>\n<\/p>\n<p>Destinat\u00e1rio:\n<\/p>\n<p><span class=\"wpcf7-form-control-wrap\" data-name=\"your-recipient\"><select class=\"wpcf7-form-control wpcf7-select\" aria-invalid=\"false\" name=\"your-recipient\"><option value=\"Jur\u00eddico\">Jur\u00eddico<\/option><option value=\"Cobran\u00e7a\">Cobran\u00e7a<\/option><option value=\"Suporte ao SITE\">Suporte ao SITE<\/option><option value=\"Criticas ou Sugest\u00f5es\">Criticas ou Sugest\u00f5es<\/option><option value=\"D\u00favidas sobre boletos\">D\u00favidas sobre boletos<\/option><\/select><\/span>\n<\/p>\n<p>Assunto\n<\/p>\n<p><span class=\"wpcf7-form-control-wrap\" data-name=\"your-subject\"><input size=\"40\" maxlength=\"400\" class=\"wpcf7-form-control wpcf7-text\" aria-invalid=\"false\" value=\"\" type=\"text\" name=\"your-subject\" \/><\/span>\n<\/p>\n<p>Sua mensagem\n<\/p>\n<p><span class=\"wpcf7-form-control-wrap\" data-name=\"your-message\"><textarea cols=\"40\" rows=\"10\" maxlength=\"2000\" class=\"wpcf7-form-control wpcf7-textarea\" aria-invalid=\"false\" name=\"your-message\"><\/textarea><\/span>\n<\/p>\n<p>Digite o C\u00f3digo para prosseguir: <input type=\"hidden\" name=\"_wpcf7_captcha_challenge_captcha-775\" value=\"2701204192\" \/><img loading=\"lazy\" decoding=\"async\" class=\"wpcf7-form-control wpcf7-captchac wpcf7-captcha-captcha-775\" width=\"72\" height=\"24\" alt=\"captcha\" src=\"https:\/\/sindicomdf.com.br\/portal\/wp-content\/uploads\/wpcf7_captcha\/2701204192.png\" \/><span class=\"wpcf7-form-control-wrap\" data-name=\"captcha-775\"><input size=\"40\" class=\"wpcf7-form-control wpcf7-captchar\" autocomplete=\"off\" aria-invalid=\"false\" value=\"\" type=\"text\" name=\"captcha-775\" \/><\/span>\n<\/p>\n<p><input class=\"wpcf7-form-control wpcf7-submit has-spinner\" type=\"submit\" value=\"Enviar\" \/>\n<\/p><p style=\"display: none !important;\" class=\"akismet-fields-container\" data-prefix=\"_wpcf7_ak_\"><label>&#916;<textarea name=\"_wpcf7_ak_hp_textarea\" cols=\"45\" rows=\"8\" maxlength=\"100\"><\/textarea><\/label><input type=\"hidden\" id=\"ak_js_1\" name=\"_wpcf7_ak_js\" value=\"5\"\/><script>document.getElementById( \"ak_js_1\" ).setAttribute( \"value\", ( new Date() ).getTime() );<\/script><\/p><div class=\"wpcf7-response-output\" aria-hidden=\"true\"><\/div>\n<\/form>\n<\/div>\n\n","protected":false},"excerpt":{"rendered":"<p>Aqui voc\u00ea encontra todos os endere\u00e7o de atendimento do sindicato, se preferir utilize o formul\u00e1rio abaixo para falar conosco. SEDE Setor Comercial Sul &#8211; Quadra 06 &#8211; Bloco A-81 &#8211; Edif\u00edcio Jos\u00e9 Severo 7\u00ba andar &#8211; CEP 70326-900 &#8211; Brasilia &#8211; DF Fone (61)3224-3808 SEDE TAGUATINGA QNE 31 lote 02 &#8211; Taguatinga Norte CEP: 72125-310. [&hellip;]<\/p>\n","protected":false},"author":1,"featured_media":0,"parent":0,"menu_order":0,"comment_status":"open","ping_status":"open","template":"","meta":{"_bbp_topic_count":0,"_bbp_reply_count":0,"_bbp_total_topic_count":0,"_bbp_total_reply_count":0,"_bbp_voice_count":0,"_bbp_anonymous_reply_count":0,"_bbp_topic_count_hidden":0,"_bbp_reply_count_hidden":0,"_bbp_forum_subforum_count":0,"footnotes":""},"class_list":["post-1337","page","type-page","status-publish"],"yoast_head":"<!-- This site is optimized with the Yoast SEO plugin v23.7 - https:\/\/yoast.com\/wordpress\/plugins\/seo\/ -->\n<title>Contato - SINDICOM<\/title>\n<meta name=\"robots\" content=\"index, follow, max-snippet:-1, max-image-preview:large, max-video-preview:-1\" \/>\n<link rel=\"canonical\" href=\"https:\/\/sindicomdf.com.br\/portal\/contato\/\" \/>\n<meta property=\"og:locale\" content=\"pt_BR\" \/>\n<meta property=\"og:type\" content=\"article\" \/>\n<meta property=\"og:title\" content=\"Contato - SINDICOM\" \/>\n<meta property=\"og:description\" content=\"Aqui voc\u00ea encontra todos os endere\u00e7o de atendimento do sindicato, se preferir utilize o formul\u00e1rio abaixo para falar conosco. SEDE Setor Comercial Sul &#8211; Quadra 06 &#8211; Bloco A-81 &#8211; Edif\u00edcio Jos\u00e9 Severo 7\u00ba andar &#8211; CEP 70326-900 &#8211; Brasilia &#8211; DF Fone (61)3224-3808 SEDE TAGUATINGA QNE 31 lote 02 &#8211; Taguatinga Norte CEP: 72125-310. [&hellip;]\" \/>\n<meta property=\"og:url\" content=\"https:\/\/sindicomdf.com.br\/portal\/contato\/\" \/>\n<meta property=\"og:site_name\" content=\"SINDICOM\" \/>\n<meta property=\"article:modified_time\" content=\"2022-05-04T19:52:18+00:00\" \/>\n<meta name=\"twitter:card\" content=\"summary_large_image\" \/>\n<meta name=\"twitter:label1\" content=\"Est. tempo de leitura\" \/>\n\t<meta name=\"twitter:data1\" content=\"1 minuto\" \/>\n<script type=\"application\/ld+json\" class=\"yoast-schema-graph\">{\"@context\":\"https:\/\/schema.org\",\"@graph\":[{\"@type\":\"WebPage\",\"@id\":\"https:\/\/sindicomdf.com.br\/portal\/contato\/\",\"url\":\"https:\/\/sindicomdf.com.br\/portal\/contato\/\",\"name\":\"Contato - SINDICOM\",\"isPartOf\":{\"@id\":\"https:\/\/sindicomdf.com.br\/portal\/#website\"},\"datePublished\":\"2015-08-04T18:20:03+00:00\",\"dateModified\":\"2022-05-04T19:52:18+00:00\",\"breadcrumb\":{\"@id\":\"https:\/\/sindicomdf.com.br\/portal\/contato\/#breadcrumb\"},\"inLanguage\":\"pt-BR\",\"potentialAction\":[{\"@type\":\"ReadAction\",\"target\":[\"https:\/\/sindicomdf.com.br\/portal\/contato\/\"]}]},{\"@type\":\"BreadcrumbList\",\"@id\":\"https:\/\/sindicomdf.com.br\/portal\/contato\/#breadcrumb\",\"itemListElement\":[{\"@type\":\"ListItem\",\"position\":1,\"name\":\"In\u00edcio\",\"item\":\"https:\/\/sindicomdf.com.br\/portal\/\"},{\"@type\":\"ListItem\",\"position\":2,\"name\":\"Contato\"}]},{\"@type\":\"WebSite\",\"@id\":\"https:\/\/sindicomdf.com.br\/portal\/#website\",\"url\":\"https:\/\/sindicomdf.com.br\/portal\/\",\"name\":\"SINDICOM\",\"description\":\"Sindicato dos Empregados no Com\u00e9rcio do DF\",\"potentialAction\":[{\"@type\":\"SearchAction\",\"target\":{\"@type\":\"EntryPoint\",\"urlTemplate\":\"https:\/\/sindicomdf.com.br\/portal\/?s={search_term_string}\"},\"query-input\":{\"@type\":\"PropertyValueSpecification\",\"valueRequired\":true,\"valueName\":\"search_term_string\"}}],\"inLanguage\":\"pt-BR\"}]}<\/script>\n<!-- \/ Yoast SEO plugin. -->","yoast_head_json":{"title":"Contato - SINDICOM","robots":{"index":"index","follow":"follow","max-snippet":"max-snippet:-1","max-image-preview":"max-image-preview:large","max-video-preview":"max-video-preview:-1"},"canonical":"https:\/\/sindicomdf.com.br\/portal\/contato\/","og_locale":"pt_BR","og_type":"article","og_title":"Contato - SINDICOM","og_description":"Aqui voc\u00ea encontra todos os endere\u00e7o de atendimento do sindicato, se preferir utilize o formul\u00e1rio abaixo para falar conosco. SEDE Setor Comercial Sul &#8211; Quadra 06 &#8211; Bloco A-81 &#8211; Edif\u00edcio Jos\u00e9 Severo 7\u00ba andar &#8211; CEP 70326-900 &#8211; Brasilia &#8211; DF Fone (61)3224-3808 SEDE TAGUATINGA QNE 31 lote 02 &#8211; Taguatinga Norte CEP: 72125-310. [&hellip;]","og_url":"https:\/\/sindicomdf.com.br\/portal\/contato\/","og_site_name":"SINDICOM","article_modified_time":"2022-05-04T19:52:18+00:00","twitter_card":"summary_large_image","twitter_misc":{"Est. tempo de leitura":"1 minuto"},"schema":{"@context":"https:\/\/schema.org","@graph":[{"@type":"WebPage","@id":"https:\/\/sindicomdf.com.br\/portal\/contato\/","url":"https:\/\/sindicomdf.com.br\/portal\/contato\/","name":"Contato - SINDICOM","isPartOf":{"@id":"https:\/\/sindicomdf.com.br\/portal\/#website"},"datePublished":"2015-08-04T18:20:03+00:00","dateModified":"2022-05-04T19:52:18+00:00","breadcrumb":{"@id":"https:\/\/sindicomdf.com.br\/portal\/contato\/#breadcrumb"},"inLanguage":"pt-BR","potentialAction":[{"@type":"ReadAction","target":["https:\/\/sindicomdf.com.br\/portal\/contato\/"]}]},{"@type":"BreadcrumbList","@id":"https:\/\/sindicomdf.com.br\/portal\/contato\/#breadcrumb","itemListElement":[{"@type":"ListItem","position":1,"name":"In\u00edcio","item":"https:\/\/sindicomdf.com.br\/portal\/"},{"@type":"ListItem","position":2,"name":"Contato"}]},{"@type":"WebSite","@id":"https:\/\/sindicomdf.com.br\/portal\/#website","url":"https:\/\/sindicomdf.com.br\/portal\/","name":"SINDICOM","description":"Sindicato dos Empregados no Com\u00e9rcio do DF","potentialAction":[{"@type":"SearchAction","target":{"@type":"EntryPoint","urlTemplate":"https:\/\/sindicomdf.com.br\/portal\/?s={search_term_string}"},"query-input":{"@type":"PropertyValueSpecification","valueRequired":true,"valueName":"search_term_string"}}],"inLanguage":"pt-BR"}]}},"_links":{"self":[{"href":"https:\/\/sindicomdf.com.br\/portal\/wp-json\/wp\/v2\/pages\/1337","targetHints":{"allow":["GET"]}}],"collection":[{"href":"https:\/\/sindicomdf.com.br\/portal\/wp-json\/wp\/v2\/pages"}],"about":[{"href":"https:\/\/sindicomdf.com.br\/portal\/wp-json\/wp\/v2\/types\/page"}],"author":[{"embeddable":true,"href":"https:\/\/sindicomdf.com.br\/portal\/wp-json\/wp\/v2\/users\/1"}],"replies":[{"embeddable":true,"href":"https:\/\/sindicomdf.com.br\/portal\/wp-json\/wp\/v2\/comments?post=1337"}],"version-history":[{"count":13,"href":"https:\/\/sindicomdf.com.br\/portal\/wp-json\/wp\/v2\/pages\/1337\/revisions"}],"predecessor-version":[{"id":8617,"href":"https:\/\/sindicomdf.com.br\/portal\/wp-json\/wp\/v2\/pages\/1337\/revisions\/8617"}],"wp:attachment":[{"href":"https:\/\/sindicomdf.com.br\/portal\/wp-json\/wp\/v2\/media?parent=1337"}],"curies":[{"name":"wp","href":"https:\/\/api.w.org\/{rel}","templated":true}]}}